{"id":5850,"date":"2024-07-10T23:54:56","date_gmt":"2024-07-11T05:54:56","guid":{"rendered":"https:\/\/albertakartonera.ca\/?page_id=5850"},"modified":"2024-11-13T21:45:44","modified_gmt":"2024-11-14T04:45:44","slug":"alberta-kartonera","status":"publish","type":"page","link":"https:\/\/albertakartonera.ca\/pt_br\/cartonera-publishers\/alberta-kartonera\/","title":{"rendered":"Alberta Kartonera"},"content":{"rendered":"<div data-elementor-type=\"wp-page\" data-elementor-id=\"5850\" class=\"elementor elementor-5850\">\n\t\t\t\t<div class=\"elementor-element elementor-element-3243e3f e-flex e-con-boxed e-con e-parent\" data-id=\"3243e3f\" data-element_type=\"container\" data-e-type=\"container\" id=\"akx\">\n\t\t\t\t\t<div class=\"e-con-inner\">\n\t\t<a class=\"eael-wrapper-link-9e26584 --eael-wrapper-link-tag\" href=\"#ak\"><\/a><div data-eael-wrapper-link=\"eael-wrapper-link-9e26584\" class=\"elementor-element elementor-element-9e26584 e-con-full e-transform e-flex e-con e-child\" data-id=\"9e26584\" data-element_type=\"container\" data-e-type=\"container\" data-settings=\"{&quot;_transform_translateY_effect_hover&quot;:{&quot;unit&quot;:&quot;px&quot;,&quot;size&quot;:-2,&quot;sizes&quot;:[]},&quot;_transform_translateY_effect_hover_tablet_extra&quot;:{&quot;unit&quot;:&quot;px&quot;,&quot;size&quot;:-2,&quot;sizes&quot;:[]},&quot;_transform_translateX_effect_hover&quot;:{&quot;unit&quot;:&quot;px&quot;,&quot;size&quot;:&quot;&quot;,&quot;sizes&quot;:[]},&quot;_transform_translateX_effect_hover_widescreen&quot;:{&quot;unit&quot;:&quot;px&quot;,&quot;size&quot;:&quot;&quot;,&quot;sizes&quot;:[]},&quot;_transform_translateX_effect_hover_laptop&quot;:{&quot;unit&quot;:&quot;px&quot;,&quot;size&quot;:&quot;&quot;,&quot;sizes&quot;:[]},&quot;_transform_translateX_effect_hover_tablet_extra&quot;:{&quot;unit&quot;:&quot;px&quot;,&quot;size&quot;:&quot;&quot;,&quot;sizes&quot;:[]},&quot;_transform_translateX_effect_hover_tablet&quot;:{&quot;unit&quot;:&quot;px&quot;,&quot;size&quot;:&quot;&quot;,&quot;sizes&quot;:[]},&quot;_transform_translateX_effect_hover_mobile_extra&quot;:{&quot;unit&quot;:&quot;px&quot;,&quot;size&quot;:&quot;&quot;,&quot;sizes&quot;:[]},&quot;_transform_translateX_effect_hover_mobile&quot;:{&quot;unit&quot;:&quot;px&quot;,&quot;size&quot;:&quot;&quot;,&quot;sizes&quot;:[]},&quot;_transform_translateY_effect_hover_widescreen&quot;:{&quot;unit&quot;:&quot;px&quot;,&quot;size&quot;:&quot;&quot;,&quot;sizes&quot;:[]},&quot;_transform_translateY_effect_hover_laptop&quot;:{&quot;unit&quot;:&quot;px&quot;,&quot;size&quot;:&quot;&quot;,&quot;sizes&quot;:[]},&quot;_transform_translateY_effect_hover_tablet&quot;:{&quot;unit&quot;:&quot;px&quot;,&quot;size&quot;:&quot;&quot;,&quot;sizes&quot;:[]},&quot;_transform_translateY_effect_hover_mobile_extra&quot;:{&quot;unit&quot;:&quot;px&quot;,&quot;size&quot;:&quot;&quot;,&quot;sizes&quot;:[]},&quot;_transform_translateY_effect_hover_mobile&quot;:{&quot;unit&quot;:&quot;px&quot;,&quot;size&quot;:&quot;&quot;,&quot;sizes&quot;:[]}}\">\n\t\t\t\t<div class=\"elementor-element elementor-element-3479893 elementor-widget elementor-widget-heading\" data-id=\"3479893\" data-element_type=\"widget\" data-e-type=\"widget\" data-widget_type=\"heading.default\">\n\t\t\t\t<div class=\"elementor-widget-container\">\n\t\t\t\t\t<h2 class=\"elementor-heading-title elementor-size-default\">Alberta Kartonera<\/h2>\t\t\t\t<\/div>\n\t\t\t\t<\/div>\n\t\t\t\t<div class=\"elementor-element elementor-element-9453a40 elementor-widget-divider--view-line_icon elementor-widget-divider--separator-type-pattern elementor-widget-divider--no-spacing elementor-view-default elementor-widget-divider--element-align-center elementor-widget elementor-widget-divider\" data-id=\"9453a40\" data-element_type=\"widget\" data-e-type=\"widget\" data-widget_type=\"divider.default\">\n\t\t\t\t<div class=\"elementor-widget-container\">\n\t\t\t\t\t\t\t<div class=\"elementor-divider\" style=\"--divider-pattern-url: url(&quot;data:image\/svg+xml,%3Csvg xmlns=&#039;http:\/\/www.w3.org\/2000\/svg&#039; preserveAspectRatio=&#039;xMidYMid meet&#039; overflow=&#039;visible&#039; height=&#039;100%&#039; viewBox=&#039;0 0 120 26&#039; fill=&#039;black&#039; stroke=&#039;none&#039;%3E%3Cpolygon points=&#039;0,14.4 0,21 11.5,12.4 21.3,20 30.4,11.1 40.3,20 51,12.4 60.6,20 69.6,11.1 79.3,20 90.1,12.4 99.6,20 109.7,11.1 120,21 120,14.4 109.7,5 99.6,13 90.1,5 79.3,14.5 71,5.7 60.6,12.4 51,5 40.3,14.5 31.1,5 21.3,13 11.5,5 \t&#039;\/%3E%3C\/svg%3E&quot;);\">\n\t\t\t<span class=\"elementor-divider-separator\">\n\t\t\t\t\t\t\t<div class=\"elementor-icon elementor-divider__element\">\n\t\t\t\t\t<svg aria-hidden=\"true\" class=\"e-font-icon-svg e-fas-book-open\" viewbox=\"0 0 576 512\" xmlns=\"http:\/\/www.w3.org\/2000\/svg\"><path d=\"M542.22 32.05c-54.8 3.11-163.72 14.43-230.96 55.59-4.64 2.84-7.27 7.89-7.27 13.17v363.87c0 11.55 12.63 18.85 23.28 13.49 69.18-34.82 169.23-44.32 218.7-46.92 16.89-.89 30.02-14.43 30.02-30.66V62.75c.01-17.71-15.35-31.74-33.77-30.7zM264.73 87.64C197.5 46.48 88.58 35.17 33.78 32.05 15.36 31.01 0 45.04 0 62.75V400.6c0 16.24 13.13 29.78 30.02 30.66 49.49 2.6 149.59 12.11 218.77 46.95 10.62 5.35 23.21-1.94 23.21-13.46V100.63c0-5.29-2.62-10.14-7.27-12.99z\"><\/path><\/svg><\/div>\n\t\t\t\t\t\t<\/span>\n\t\t<\/div>\n\t\t\t\t\t\t<\/div>\n\t\t\t\t<\/div>\n\t\t\t\t<\/div>\n\t\t<div class=\"elementor-element elementor-element-72dc864 e-con-full e-flex e-con e-child\" data-id=\"72dc864\" data-element_type=\"container\" data-e-type=\"container\">\n\t\t<div class=\"elementor-element elementor-element-1c1afeb e-con-full e-flex e-con e-child\" data-id=\"1c1afeb\" data-element_type=\"container\" data-e-type=\"container\">\n\t\t<div class=\"elementor-element elementor-element-2eeee88 e-con-full e-flex e-con e-child\" data-id=\"2eeee88\" data-element_type=\"container\" data-e-type=\"container\" id=\"akx\">\n\t\t\t\t<div class=\"elementor-element elementor-element-21f35c2 elementor-widget elementor-widget-image\" data-id=\"21f35c2\" data-element_type=\"widget\" data-e-type=\"widget\" data-widget_type=\"image.default\">\n\t\t\t\t<div class=\"elementor-widget-container\">\n\t\t\t\t\t\t\t\t\t\t\t\t\t\t\t\t<a href=\"https:\/\/albertakartonera.ca\/wp-content\/uploads\/AK_Alberta-Kartonera.webp\" data-elementor-open-lightbox=\"yes\" data-e-action-hash=\"#elementor-action%3Aaction%3Dlightbox%26settings%3DeyJpZCI6MTQxMDIsInVybCI6Imh0dHBzOlwvXC9hbGJlcnRha2FydG9uZXJhLmNhXC93cC1jb250ZW50XC91cGxvYWRzXC9BS19BbGJlcnRhLUthcnRvbmVyYS53ZWJwIn0%3D\">\n\t\t\t\t\t\t\t<img fetchpriority=\"high\" decoding=\"async\" width=\"1080\" height=\"1080\" src=\"https:\/\/albertakartonera.ca\/wp-content\/uploads\/AK_Alberta-Kartonera.webp\" class=\"attachment-full size-full wp-image-14102\" alt=\"\" srcset=\"https:\/\/albertakartonera.ca\/wp-content\/uploads\/AK_Alberta-Kartonera.webp 1080w, https:\/\/albertakartonera.ca\/wp-content\/uploads\/AK_Alberta-Kartonera-300x300.webp 300w, https:\/\/albertakartonera.ca\/wp-content\/uploads\/AK_Alberta-Kartonera-1024x1024.webp 1024w, https:\/\/albertakartonera.ca\/wp-content\/uploads\/AK_Alberta-Kartonera-150x150.webp 150w, https:\/\/albertakartonera.ca\/wp-content\/uploads\/AK_Alberta-Kartonera-768x768.webp 768w, https:\/\/albertakartonera.ca\/wp-content\/uploads\/AK_Alberta-Kartonera-12x12.webp 12w\" sizes=\"(max-width: 1080px) 100vw, 1080px\" \/>\t\t\t\t\t\t\t\t<\/a>\n\t\t\t\t\t\t\t\t\t\t\t\t\t\t\t<\/div>\n\t\t\t\t<\/div>\n\t\t\t\t<\/div>\n\t\t<div class=\"elementor-element elementor-element-ec95b36 e-con-full e-flex e-con e-child\" data-id=\"ec95b36\" data-element_type=\"container\" data-e-type=\"container\" id=\"ak\">\n\t\t\t\t<div class=\"elementor-element elementor-element-c6f572a elementor-widget elementor-widget-text-editor\" data-id=\"c6f572a\" data-element_type=\"widget\" data-e-type=\"widget\" data-widget_type=\"text-editor.default\">\n\t\t\t\t<div class=\"elementor-widget-container translation-block\">O projeto <em>Alberta Kartonera<\/em> surgiu junto com a exposi\u00e7\u00e3o <em>Do Lixo ao Tesouro<\/em>, organizada pelo Departamento de L\u00ednguas Modernas e Estudos Culturais (MLCS), que esteve em exibi\u00e7\u00e3o durante o m\u00eas de outubro de 2023 na Biblioteca Rutherford da Universidade de Alberta (UofA), em Edmonton-AB, Canad\u00e1. O site serve como uma ferramenta importante para divulgar a exposi\u00e7\u00e3o, que apresentou uma cole\u00e7\u00e3o de livros <em>Cartoneros<\/em> brasileiros das editoras <i>Katarina Kartonera<\/i> e <i>Vento Norte Cartonero<\/i>, com o objetivo de disseminar essa literatura sustent\u00e1vel tanto no Canad\u00e1 quanto internacionalmente. Esses livros, cujas capas s\u00e3o feitas de papel\u00e3o reciclado, fazem parte da Bruce Peel Special Collections \u2014 uma divis\u00e3o especial da Biblioteca Rutherford dedicada a abrigar uma cole\u00e7\u00e3o de mais de 100.000 livros raros e um arquivo significativo de materiais que exploram uma variedade de temas locais e internacionais (<a href=\"https:\/\/www.matinaljornalismo.com.br\/rogerlerina\/agenda\/exposicao-e-oficina-o-universo-dos-livros-cartoneros\/\" target=\"_blank\" rel=\"noopener\"><span style=\"color: #add8e6;text-decoration: underline\">Website BPSC, n.d.<\/span><\/a>).<\/div>\n\t\t\t\t<\/div>\n\t\t\t\t<\/div>\n\t\t\t\t<\/div>\n\t\t<div class=\"elementor-element elementor-element-0d4cb50 e-con-full e-flex e-con e-child\" data-id=\"0d4cb50\" data-element_type=\"container\" data-e-type=\"container\">\n\t\t\t\t<div class=\"elementor-element elementor-element-b7523f1 elementor-widget elementor-widget-text-editor\" data-id=\"b7523f1\" data-element_type=\"widget\" data-e-type=\"widget\" data-widget_type=\"text-editor.default\">\n\t\t\t\t<div class=\"elementor-widget-container\">\n\t\t\t\t\t\t\t\t\t<p class=\"translation-block\">Al\u00e9m de promover a exposi\u00e7\u00e3o e os livros, outro prop\u00f3sito paralelo, concebido pela equipe respons\u00e1vel por ambos os projetos \u2014 o Bibliotec\u00e1rio Denis Lacroix (MLIS | BEd | BA), o Candidato ao Mestrado em Humanidades Digitais\/MLCS e Assistente de Pesquisa Francerl\u00e2ndio Cruz (Spc | LittB), a P\u00f3s-doutoranda do MLCS Yuliia Deviatko (PhD) e a principal vision\u00e1ria e l\u00edder dessas iniciativas, a Professora Pesquisadora do MLCS Odile Cisneros (PhD), todos membros da comunidade acad\u00eamica da UofA \u2014 \u00e9 que a <i>Alberta Kartonera<\/i> tamb\u00e9m se tornasse uma editora <em>Cartonera<\/em>. O nome em si foi inspirado em editoras <em>Cartoneras<\/em> j\u00e1 existentes na Am\u00e9rica Latina, como a <em>Katarina Kartonera<\/em>, uma editora brasileira que serviu de refer\u00eancia para a ado\u00e7\u00e3o do termo \"<em>Kartonera<\/em>\", bem como a <em>Elo\u00edsa Cartonera<\/em> (Argentina), <em>Vento Norte Cartonero<\/em> (Brasil), <em>Nuestra Se\u00f1ora Cartonera<\/em> (Chile), <em>Dulcineia Catadora<\/em> (Brasil), entre outras.<\/p><p>\u00a0<\/p><p>A proposta \u00e9 que alunos dos cursos do MLCS da Faculdade de Artes da Universidade de Alberta \u2014 cuja maior especialista em estudos latino-americanos, especialmente do Brasil, \u00e9 a Dra. Odile Cisneros, que tamb\u00e9m facilitou a aquisi\u00e7\u00e3o da cole\u00e7\u00e3o para a biblioteca \u2014 produzam livros nesse g\u00eanero e realizem oficinas na UofA, em escolas p\u00fablicas, bibliotecas ou outros locais. Essas produ\u00e7\u00f5es seriam publicadas e promovidas pela editora e pelo site. At\u00e9 o momento, nenhum livro foi publicado pela Alberta Kartonera.<\/p>\t\t\t\t\t\t\t\t<\/div>\n\t\t\t\t<\/div>\n\t\t\t\t<\/div>\n\t\t\t\t<\/div>\n\t\t\t\t\t<\/div>\n\t\t\t\t<\/div>\n\t\t<div class=\"elementor-element elementor-element-697ba13 e-con-full elementor-hidden-widescreen elementor-hidden-desktop elementor-hidden-laptop elementor-hidden-tablet_extra elementor-hidden-tablet elementor-hidden-mobile_extra e-flex e-con e-child\" data-id=\"697ba13\" data-element_type=\"container\" data-e-type=\"container\">\n\t\t\t\t<div class=\"elementor-element elementor-element-71e00e1 elementor-align-center elementor-widget elementor-widget-button\" data-id=\"71e00e1\" data-element_type=\"widget\" data-e-type=\"widget\" data-widget_type=\"button.default\">\n\t\t\t\t<div class=\"elementor-widget-container\">\n\t\t\t\t\t\t\t\t\t<div class=\"elementor-button-wrapper\">\n\t\t\t\t\t<a class=\"elementor-button elementor-button-link elementor-size-sm\" href=\"#hdrmn\">\n\t\t\t\t\t\t<span class=\"elementor-button-content-wrapper\">\n\t\t\t\t\t\t\t\t\t<span class=\"elementor-button-text\">Topo \u2191<\/span>\n\t\t\t\t\t<\/span>\n\t\t\t\t\t<\/a>\n\t\t\t\t<\/div>\n\t\t\t\t\t\t\t\t<\/div>\n\t\t\t\t<\/div>\n\t\t\t\t<\/div>\n\t\t\t\t<\/div>","protected":false},"excerpt":{"rendered":"<p>Alberta Kartonera The Alberta Kartonera\u00a0project emerged alongside the exhibit\u00a0From Trash to Treasure, organized by the Department of Modern Languages and Cultural Studies (MLCS), which was on display during October 2023 at Rutherford Library, University of Alberta (UofA), in Edmonton-AB, Canada. The website serves as an important tool for publicizing the exhibit, that showcased a collection [&hellip;]<\/p>\n","protected":false},"author":3,"featured_media":0,"parent":340,"menu_order":0,"comment_status":"closed","ping_status":"closed","template":"elementor_theme","meta":{"footnotes":""},"class_list":["post-5850","page","type-page","status-publish","hentry"],"_links":{"self":[{"href":"https:\/\/albertakartonera.ca\/pt_br\/wp-json\/wp\/v2\/pages\/5850","targetHints":{"allow":["GET"]}}],"collection":[{"href":"https:\/\/albertakartonera.ca\/pt_br\/wp-json\/wp\/v2\/pages"}],"about":[{"href":"https:\/\/albertakartonera.ca\/pt_br\/wp-json\/wp\/v2\/types\/page"}],"author":[{"embeddable":true,"href":"https:\/\/albertakartonera.ca\/pt_br\/wp-json\/wp\/v2\/users\/3"}],"replies":[{"embeddable":true,"href":"https:\/\/albertakartonera.ca\/pt_br\/wp-json\/wp\/v2\/comments?post=5850"}],"version-history":[{"count":0,"href":"https:\/\/albertakartonera.ca\/pt_br\/wp-json\/wp\/v2\/pages\/5850\/revisions"}],"up":[{"embeddable":true,"href":"https:\/\/albertakartonera.ca\/pt_br\/wp-json\/wp\/v2\/pages\/340"}],"wp:attachment":[{"href":"https:\/\/albertakartonera.ca\/pt_br\/wp-json\/wp\/v2\/media?parent=5850"}],"curies":[{"name":"wp","href":"https:\/\/api.w.org\/{rel}","templated":true}]}}